{"id":134,"date":"2019-01-14T19:47:43","date_gmt":"2019-01-14T19:47:43","guid":{"rendered":"http:\/\/ramonaschratt.de\/?page_id=134"},"modified":"2021-05-14T08:26:05","modified_gmt":"2021-05-14T08:26:05","slug":"imprint","status":"publish","type":"page","link":"https:\/\/ramonaschratt.de\/?page_id=134","title":{"rendered":"imprint"},"content":{"rendered":"<div id=\"pl-134\"  class=\"panel-layout\" >\n<div id=\"pg-134-0\"  class=\"panel-grid panel-has-style\"  data-style=\"{&quot;cell_alignment&quot;:&quot;flex-start&quot;,&quot;align&quot;:&quot;&quot;,&quot;background_image&quot;:false,&quot;overlay&quot;:&quot;&quot;,&quot;overlay_color&quot;:&quot;#000000&quot;}\"  data-ratio=\"1\"  data-ratio-direction=\"right\" >\n<div style=\"padding: 100px 0; \" data-overlay=\"true\" data-overlay-color=\"#000000\" class=\"panel-row-style panel-row-style-for-134-0\" >\n<div id=\"pgc-134-0-0\"  class=\"panel-grid-cell\"  data-weight=\"0.3\" >\n<div id=\"panel-134-0-0-0\" class=\"so-panel widget widget_sow-editor panel-first-child panel-last-child\" data-index=\"0\" data-style=\"{&quot;background_image_attachment&quot;:false,&quot;background_display&quot;:&quot;tile&quot;,&quot;margin&quot;:&quot;0px 0px 0px 0px&quot;,&quot;content_alignment&quot;:&quot;center&quot;,&quot;title_color&quot;:&quot;#443f3f&quot;,&quot;headings_color&quot;:&quot;#443f3f&quot;}\" >\n<div style=\"text-align: center;\" data-title-color=\"#443f3f\" data-headings-color=\"#443f3f\" class=\"panel-widget-style panel-widget-style-for-134-0-0-0\" >\n<div class=\"so-widget-sow-editor so-widget-sow-editor-base\">\n<h3 class=\"widget-title\">Verantwortlich<\/h3>\n<div class=\"siteorigin-widget-tinymce textwidget\">\n\t&nbsp;<\/p>\n<p style=\"text-align: center;\">\nRamona Schratt<br \/>\nUevelg\u00f6nne 7<br \/>\n44795 Bochum<br \/>\nGermany<\/p>\n<p style=\"text-align: center;\"><strong>USt-IdNr.:<\/strong> DE35052251292<\/p>\n<p style=\"text-align: center;\">+49 (0) 151 25 21 56 01<\/p>\n<\/div>\n<\/div>\n<\/div>\n<\/div>\n<\/div>\n<div id=\"pgc-134-0-1\"  class=\"panel-grid-cell panel-grid-cell-empty\"  data-weight=\"0.05\" ><\/div>\n<div id=\"pgc-134-0-2\"  class=\"panel-grid-cell\"  data-weight=\"0.65\" >\n<div id=\"panel-134-0-2-0\" class=\"so-panel widget widget_sow-editor panel-first-child panel-last-child\" data-index=\"1\" data-style=\"{&quot;background_image_attachment&quot;:false,&quot;background_display&quot;:&quot;tile&quot;,&quot;margin&quot;:&quot;0px 0px 0px 0px&quot;,&quot;content_alignment&quot;:&quot;center&quot;,&quot;title_color&quot;:&quot;#443f3f&quot;,&quot;headings_color&quot;:&quot;#443f3f&quot;}\" >\n<div style=\"text-align: center;\" data-title-color=\"#443f3f\" data-headings-color=\"#443f3f\" class=\"panel-widget-style panel-widget-style-for-134-0-2-0\" >\n<div class=\"so-widget-sow-editor so-widget-sow-editor-base\">\n<h3 class=\"widget-title\">Imprint<\/h3>\n<div class=\"siteorigin-widget-tinymce textwidget\">\n\t&nbsp;<\/p>\n<h4 style=\"text-align: center;\">DISCLAIMER<\/h4>\n<p style=\"text-align: center;\">Trotz sorgf\u00e4ltiger inhaltlicher Kontrolle \u00fcbernehmen wir keine Haftung f\u00fcr die Inhalte externer Links. F\u00fcr den Inhalt der verlinkten Seiten sind ausschlie\u00dflich deren Betreiber verantwortlich.<br \/>\n&nbsp;<br \/>\n&nbsp;\n<\/p>\n<h4 style=\"text-align: center;\">COPYRIGHT<\/h4>\n<p style=\"text-align: center;\">Alle Inhalte, Bilder und Texte auf dieser Seite unterliegen dem Urheberrecht und sind Eigentum von <strong>Ramona Schratt<\/strong>. Das nicht\u00a0autorisierte Kopieren, Reproduzieren und Verwenden von Inhalten ist nicht gestattet. Untersagt ist insbesondere auch die Nutzung auf anderen Webseiten oder Netzwerkumgebungen ohne schriftliche Zustimmung.<br \/>\n<strong>Ramona Schratt<\/strong> \u00fcbernimmt keine Haftung f\u00fcr die Vereinbarkeit der Seiteninhalte mit rechtlichen Bestimmungen au\u00dferhalb der Bundesrepublik Deutschland.<\/p>\n<\/div>\n<\/div>\n<\/div>\n<\/div>\n<\/div>\n<\/div>\n<\/div>\n<\/div>\n","protected":false},"excerpt":{"rendered":"<p>Verantwortlich &nbsp; Ramona Schratt Uevelg\u00f6nne 7 44795 Bochum Germany USt-IdNr.: DE35052251292 +49 (0) 151 25 21 56 01 Imprint &nbsp; DISCLAIMER Trotz [&hellip;]<\/p>\n","protected":false},"author":1,"featured_media":0,"parent":0,"menu_order":0,"comment_status":"closed","ping_status":"closed","template":"page-templates\/page_fullwidth.php","meta":{"footnotes":""},"class_list":["post-134","page","type-page","status-publish","hentry"],"_links":{"self":[{"href":"https:\/\/ramonaschratt.de\/index.php?rest_route=\/wp\/v2\/pages\/134","targetHints":{"allow":["GET"]}}],"collection":[{"href":"https:\/\/ramonaschratt.de\/index.php?rest_route=\/wp\/v2\/pages"}],"about":[{"href":"https:\/\/ramonaschratt.de\/index.php?rest_route=\/wp\/v2\/types\/page"}],"author":[{"embeddable":true,"href":"https:\/\/ramonaschratt.de\/index.php?rest_route=\/wp\/v2\/users\/1"}],"replies":[{"embeddable":true,"href":"https:\/\/ramonaschratt.de\/index.php?rest_route=%2Fwp%2Fv2%2Fcomments&post=134"}],"version-history":[{"count":10,"href":"https:\/\/ramonaschratt.de\/index.php?rest_route=\/wp\/v2\/pages\/134\/revisions"}],"predecessor-version":[{"id":237,"href":"https:\/\/ramonaschratt.de\/index.php?rest_route=\/wp\/v2\/pages\/134\/revisions\/237"}],"wp:attachment":[{"href":"https:\/\/ramonaschratt.de\/index.php?rest_route=%2Fwp%2Fv2%2Fmedia&parent=134"}],"curies":[{"name":"wp","href":"https:\/\/api.w.org\/{rel}","templated":true}]}}